{"id":44,"date":"2016-05-10T20:04:13","date_gmt":"2016-05-10T18:04:13","guid":{"rendered":"http:\/\/www.mind-objects.com\/de\/?page_id=44"},"modified":"2016-08-01T13:31:35","modified_gmt":"2016-08-01T11:31:35","slug":"pricing","status":"publish","type":"page","link":"https:\/\/mind-objects.com\/de\/pricing\/","title":{"rendered":"Preise (Testen Sie 14 Tage kostenfrei!)"},"content":{"rendered":"<table>\n<tbody>\n<tr>\n<th>BASIC<\/th>\n<th>PRO<\/th>\n<\/tr>\n<tr>\n<td style=\"text-align: center;\" colspan=\"2\">Zeichenfl\u00e4chen mit gigantischem Zoom f\u00fcr Ihre grenzenlosen Gedanken<\/td>\n<\/tr>\n<tr>\n<td style=\"text-align: center;\" colspan=\"2\">Grafische \u00dcbersicht all Ihrer Gedanken<\/td>\n<\/tr>\n<tr>\n<td style=\"text-align: center;\" colspan=\"2\">Senden Sie Ihre Gedanken an andere Anwendungen<\/td>\n<\/tr>\n<tr>\n<td><\/td>\n<td>Wiederherstellung versehentlich gel\u00f6schter Gedanken<\/td>\n<\/tr>\n<tr>\n<td><\/td>\n<td>Sofort-Support bei Fragen oder f\u00fcr pers\u00f6nliche Hilfe mit einer Antwortzeit von 2 Std. von Montag bis Freitag (au\u00dfer feiertags) 9 bis 18 Uhr MEZ<\/td>\n<\/tr>\n<\/tbody>\n<\/table>\n","protected":false},"excerpt":{"rendered":"<p>BASIC PRO Zeichenfl\u00e4chen mit gigantischem Zoom f\u00fcr Ihre grenzenlosen Gedanken Grafische \u00dcbersicht all Ihrer Gedanken Senden Sie Ihre Gedanken an andere Anwendungen Wiederherstellung versehentlich gel\u00f6schter Gedanken Sofort-Support bei Fragen oder f\u00fcr pers\u00f6nliche Hilfe mit einer Antwortzeit von 2 Std. von Montag bis Freitag (au\u00dfer feiertags) 9 bis 18 Uhr MEZ<\/p>\n","protected":false},"author":2,"featured_media":0,"parent":0,"menu_order":0,"comment_status":"closed","ping_status":"closed","template":"page-pricing.php","meta":[],"_links":{"self":[{"href":"https:\/\/mind-objects.com\/de\/wp-json\/wp\/v2\/pages\/44"}],"collection":[{"href":"https:\/\/mind-objects.com\/de\/wp-json\/wp\/v2\/pages"}],"about":[{"href":"https:\/\/mind-objects.com\/de\/wp-json\/wp\/v2\/types\/page"}],"author":[{"embeddable":true,"href":"https:\/\/mind-objects.com\/de\/wp-json\/wp\/v2\/users\/2"}],"replies":[{"embeddable":true,"href":"https:\/\/mind-objects.com\/de\/wp-json\/wp\/v2\/comments?post=44"}],"version-history":[{"count":4,"href":"https:\/\/mind-objects.com\/de\/wp-json\/wp\/v2\/pages\/44\/revisions"}],"predecessor-version":[{"id":75,"href":"https:\/\/mind-objects.com\/de\/wp-json\/wp\/v2\/pages\/44\/revisions\/75"}],"wp:attachment":[{"href":"https:\/\/mind-objects.com\/de\/wp-json\/wp\/v2\/media?parent=44"}],"curies":[{"name":"wp","href":"https:\/\/api.w.org\/{rel}","templated":true}]}}